{"id":285,"date":"2020-05-17T19:12:29","date_gmt":"2020-05-17T16:12:29","guid":{"rendered":"https:\/\/ida-toit.ee\/?page_id=285"},"modified":"2024-03-21T14:17:03","modified_gmt":"2024-03-21T11:17:03","slug":"kontakt","status":"publish","type":"page","link":"https:\/\/ida-toit.ee\/ru\/kontakt\/","title":{"rendered":"\u041a\u043e\u043d\u0442\u0430\u043a\u0442\u044b"},"content":{"rendered":"<div class=\"wpb-content-wrapper\"><p>[vc_row][vc_column width=&#187;1\/2&#8243;]\t\t<div id=\"wd-65f976c0cfcad\" class=\"wd-text-block wd-wpb reset-last-child wd-rs-65f976c0cfcad text-left \">\n\t\t\t<p><strong><img loading=\"lazy\" decoding=\"async\" class=\"alignnone size-medium wp-image-2150\" src=\"https:\/\/ida-toit.ee\/wp-content\/uploads\/2024\/03\/logo-ida-toit-300x180.png\" alt=\"\" width=\"300\" height=\"180\" srcset=\"https:\/\/ida-toit.ee\/wp-content\/uploads\/2024\/03\/logo-ida-toit-300x180.png 300w, https:\/\/ida-toit.ee\/wp-content\/uploads\/2024\/03\/logo-ida-toit-150x90.png 150w, https:\/\/ida-toit.ee\/wp-content\/uploads\/2024\/03\/logo-ida-toit.png 500w\" sizes=\"(max-width: 300px) 100vw, 300px\" \/><\/strong><\/p>\n<p><strong>ProGlance O\u00dc<\/strong><\/p>\n<ul>\n<li>KMKR: EE102275160<\/li>\n<li>Reg. nr. 14208224<\/li>\n<li>\u0422\u0435\u043b\u0435\u0444\u043e\u043d: +37255575050<\/li>\n<li>\u042d-\u043f\u043e\u0447\u0442\u0430: infoproglance@gmail.com<\/li>\n<li>\u0411\u0430\u043d\u043a LHV: EE147700771004430581<\/li>\n<\/ul>\n<p>&nbsp;<\/p>\n\t\t<\/div>\n\t\t[\/vc_column][vc_column width=&#187;1\/2&#8243;]\n<div class=\"wpcf7 no-js\" id=\"wpcf7-f2166-o2\" lang=\"ru-RU\" dir=\"ltr\">\n<div class=\"screen-reader-response\"><p role=\"status\" aria-live=\"polite\" aria-atomic=\"true\"><\/p> <ul><\/ul><\/div>\n<form action=\"\/ru\/wp-json\/wp\/v2\/pages\/285#wpcf7-f2166-o2\" method=\"post\" class=\"wpcf7-form init\" aria-label=\"\u041a\u043e\u043d\u0442\u0430\u043a\u0442\u043d\u0430\u044f \u0444\u043e\u0440\u043c\u0430\" novalidate=\"novalidate\" data-status=\"init\">\n<div style=\"display: none;\">\n<input type=\"hidden\" name=\"_wpcf7\" value=\"2166\" \/>\n<input type=\"hidden\" name=\"_wpcf7_version\" value=\"5.9.3\" \/>\n<input type=\"hidden\" name=\"_wpcf7_locale\" value=\"ru_RU\" \/>\n<input type=\"hidden\" name=\"_wpcf7_unit_tag\" value=\"wpcf7-f2166-o2\" \/>\n<input type=\"hidden\" name=\"_wpcf7_container_post\" value=\"0\" \/>\n<input type=\"hidden\" name=\"_wpcf7_posted_data_hash\" value=\"\" \/>\n<input type=\"hidden\" name=\"_wpcf7_recaptcha_response\" value=\"\" \/>\n<\/div>\n<div class=\"row\">\n\t<div class=\"col-md-6\" style='margin-bottom:20px;'>\n\t\t<p><label>\u0412\u0430\u0448\u0435 \u0418\u043c\u044f<\/label><span class=\"wpcf7-form-control-wrap\" data-name=\"your-name\"><input size=\"40\" class=\"wpcf7-form-control wpcf7-text wpcf7-validates-as-required\" aria-required=\"true\" aria-invalid=\"false\" value=\"\" type=\"text\" name=\"your-name\" \/><\/span>\n\t\t<\/p>\n\t<\/div>\n\t<div class=\"col-md-6\" style='margin-bottom:20px;'>\n\t\t<p><label>\u042d-\u043f\u043e\u0447\u0442\u0430<\/label><span class=\"wpcf7-form-control-wrap\" data-name=\"your-email\"><input size=\"40\" class=\"wpcf7-form-control wpcf7-email wpcf7-validates-as-required wpcf7-text wpcf7-validates-as-email\" aria-required=\"true\" aria-invalid=\"false\" value=\"\" type=\"email\" name=\"your-email\" \/><\/span>\n\t\t<\/p>\n\t<\/div>\n<\/div>\n<div class=\"row\">\n\t<div class=\"col-md-6\" style='margin-bottom:20px;'>\n\t\t<p><label>\u0422\u0435\u043b\u0435\u0444\u043e\u043d<\/label><span class=\"wpcf7-form-control-wrap\" data-name=\"tel-767\"><input size=\"40\" class=\"wpcf7-form-control wpcf7-tel wpcf7-text wpcf7-validates-as-tel\" aria-invalid=\"false\" value=\"\" type=\"tel\" name=\"tel-767\" \/><\/span>\n\t\t<\/p>\n\t<\/div>\n\t<div class=\"col-md-6\" style='margin-bottom:20px;'>\n\t\t<p><label>\u041d\u0430\u0437\u0432\u0430\u043d\u0438\u0435 \u043a\u043e\u043c\u043f\u0430\u043d\u0438\u0438<\/label><span class=\"wpcf7-form-control-wrap\" data-name=\"text-1\"><input size=\"40\" class=\"wpcf7-form-control wpcf7-text\" aria-invalid=\"false\" value=\"\" type=\"text\" name=\"text-1\" \/><\/span>\n\t\t<\/p>\n\t<\/div>\n<\/div>\n<p><label>\u0422\u0435\u043c\u0430<\/label><span class=\"wpcf7-form-control-wrap\" data-name=\"your-message\"><textarea cols=\"40\" rows=\"10\" class=\"wpcf7-form-control wpcf7-textarea\" aria-invalid=\"false\" name=\"your-message\"><\/textarea><\/span>\n<\/p>\n<p><input class=\"wpcf7-form-control wpcf7-submit has-spinner btn-color-black\" type=\"submit\" value=\"\u041e\u0442\u043f\u0440\u0430\u0432\u0438\u0442\u044c\" \/>\n<\/p><div class=\"wpcf7-response-output\" aria-hidden=\"true\"><\/div>\n<\/form>\n<\/div>\n[\/vc_column][\/vc_row][vc_row][vc_column][vc_separator color=&#187;black&#187; wd_hide_on_desktop=&#187;no&#187; wd_hide_on_tablet=&#187;no&#187; wd_hide_on_mobile=&#187;no&#187;][\/vc_column][\/vc_row][vc_row][vc_column width=&#187;1\/2&#8243;][vc_gmaps link=&#187;#E-8_JTNDaWZyYW1lJTIwc3JjJTNEJTIyaHR0cHMlM0ElMkYlMkZ3d3cuZ29vZ2xlLmNvbSUyRm1hcHMlMkZlbWJlZCUzRnBiJTNEJTIxMW0xNCUyMTFtMTIlMjExbTMlMjExZDkyNC45ODU0OTEzODU4ODg1JTIxMmQyNy40MDYwOTk3NDI2MzE4MiUyMTNkNTkuMzYwMzE2OTEzODU2NTY1JTIxMm0zJTIxMWYwJTIxMmYwJTIxM2YwJTIxM20yJTIxMWkxMDI0JTIxMmk3NjglMjE0ZjEzLjElMjE1ZTAlMjEzbTIlMjExc2V0JTIxMnNlZSUyMTR2MTcxMDg0NDMxNzUyOCUyMTVtMiUyMTFzZXQlMjEyc2VlJTIyJTIwd2lkdGglM0QlMjI2MDAlMjIlMjBoZWlnaHQlM0QlMjI0NTAlMjIlMjBzdHlsZSUzRCUyMmJvcmRlciUzQTAlM0IlMjIlMjBhbGxvd2Z1bGxzY3JlZW4lM0QlMjIlMjIlMjBsb2FkaW5nJTNEJTIybGF6eSUyMiUyMHJlZmVycmVycG9saWN5JTNEJTIybm8tcmVmZXJyZXItd2hlbi1kb3duZ3JhZGUlMjIlM0UlM0MlMkZpZnJhbWUlM0U=&#187;][\/vc_column][vc_column width=&#187;1\/2&#8243;]\t\t<div id=\"wd-65f9744103241\" class=\"wd-text-block wd-wpb reset-last-child wd-rs-65f9744103241 text-left \">\n\t\t\t<p><strong>Rakvere 16, J\u00f5hvi<\/strong><\/p>\n\t\t<\/div>\n\t\t\t\t<div id=\"wd-65fc15dd3ff53\" class=\"wd-image wd-wpb wd-animation-slide-from-right wd-animation-normal wd-rs-65fc15dd3ff53 text-center  photoswipe-images\">\n\t\t\t\t\t\t\t<a href=\"https:\/\/ida-toit.ee\/wp-content\/uploads\/2024\/03\/Rakvere_16.jpg\"  data-width=\"1000\" data-height=\"467\">\n\t\t\t\n\t\t\t<img loading=\"lazy\" decoding=\"async\" width=\"1000\" height=\"467\" src=\"https:\/\/ida-toit.ee\/wp-content\/uploads\/2024\/03\/Rakvere_16.jpg\" class=\"attachment-full size-full\" alt=\"\" srcset=\"https:\/\/ida-toit.ee\/wp-content\/uploads\/2024\/03\/Rakvere_16.jpg 1000w, https:\/\/ida-toit.ee\/wp-content\/uploads\/2024\/03\/Rakvere_16-300x140.jpg 300w, https:\/\/ida-toit.ee\/wp-content\/uploads\/2024\/03\/Rakvere_16-768x359.jpg 768w, https:\/\/ida-toit.ee\/wp-content\/uploads\/2024\/03\/Rakvere_16-600x280.jpg 600w, https:\/\/ida-toit.ee\/wp-content\/uploads\/2024\/03\/Rakvere_16-150x70.jpg 150w\" sizes=\"(max-width: 1000px) 100vw, 1000px\" \/>\n\t\t\t\t\t\t\t<\/a>\n\t\t\t\t\t<\/div>\n\t\t[\/vc_column][\/vc_row][vc_row][vc_column][vc_separator color=&#187;black&#187; wd_hide_on_desktop=&#187;no&#187; wd_hide_on_tablet=&#187;no&#187; wd_hide_on_mobile=&#187;no&#187;][\/vc_column][\/vc_row][vc_row][vc_column width=&#187;1\/2&#8243;]\t\t<div id=\"wd-65f97523b3164\" class=\"wd-text-block wd-wpb reset-last-child wd-rs-65f97523b3164 text-left \">\n\t\t\t<p><strong>Fama keskus , Fama p\u00f5ik 10 Narva<\/strong><\/p>\n\t\t<\/div>\n\t\t\t\t<div id=\"wd-65fc171db754a\" class=\"wd-image wd-wpb wd-animation-slide-from-left wd-animation-normal wd-rs-65fc171db754a text-center  photoswipe-images\">\n\t\t\t\t\t\t\t<a href=\"https:\/\/ida-toit.ee\/wp-content\/uploads\/2024\/03\/Fama-keskus-Fama-poik-10-Narva.jpg\"  data-width=\"800\" data-height=\"600\">\n\t\t\t\n\t\t\t<img loading=\"lazy\" decoding=\"async\" width=\"800\" height=\"600\" src=\"https:\/\/ida-toit.ee\/wp-content\/uploads\/2024\/03\/Fama-keskus-Fama-poik-10-Narva.jpg\" class=\"attachment-full size-full\" alt=\"\" srcset=\"https:\/\/ida-toit.ee\/wp-content\/uploads\/2024\/03\/Fama-keskus-Fama-poik-10-Narva.jpg 800w, https:\/\/ida-toit.ee\/wp-content\/uploads\/2024\/03\/Fama-keskus-Fama-poik-10-Narva-300x225.jpg 300w, https:\/\/ida-toit.ee\/wp-content\/uploads\/2024\/03\/Fama-keskus-Fama-poik-10-Narva-768x576.jpg 768w, https:\/\/ida-toit.ee\/wp-content\/uploads\/2024\/03\/Fama-keskus-Fama-poik-10-Narva-600x450.jpg 600w, https:\/\/ida-toit.ee\/wp-content\/uploads\/2024\/03\/Fama-keskus-Fama-poik-10-Narva-150x113.jpg 150w\" sizes=\"(max-width: 800px) 100vw, 800px\" \/>\n\t\t\t\t\t\t\t<\/a>\n\t\t\t\t\t<\/div>\n\t\t[\/vc_column][vc_column width=&#187;1\/2&#8243;][vc_gmaps link=&#187;#E-8_JTNDaWZyYW1lJTIwc3JjJTNEJTIyaHR0cHMlM0ElMkYlMkZ3d3cuZ29vZ2xlLmNvbSUyRm1hcHMlMkZlbWJlZCUzRnBiJTNEJTIxMW0xOCUyMTFtMTIlMjExbTMlMjExZDIwMzIuMTk2ODAwNTY2OTIxJTIxMmQyOC4xODQ3MjIwMTMyNjU0ODIlMjEzZDU5LjM3OTc0MzEwNjg3ODEyNCUyMTJtMyUyMTFmMCUyMTJmMCUyMTNmMCUyMTNtMiUyMTFpMTAyNCUyMTJpNzY4JTIxNGYxMy4xJTIxM20zJTIxMW0yJTIxMXMweDQ2OTQ0ODIwNmU3M2NmYTclMjUzQTB4YzNlOWE4NDM4ZWIyNDhlYiUyMTJzRmFtYSUyNTIwS2Vza3VzJTIxNWUwJTIxM20yJTIxMXNldCUyMTJzZWUlMjE0djE3MTA4NDQ0NzM1MDklMjE1bTIlMjExc2V0JTIxMnNlZSUyMiUyMHdpZHRoJTNEJTIyNjAwJTIyJTIwaGVpZ2h0JTNEJTIyNDUwJTIyJTIwc3R5bGUlM0QlMjJib3JkZXIlM0EwJTNCJTIyJTIwYWxsb3dmdWxsc2NyZWVuJTNEJTIyJTIyJTIwbG9hZGluZyUzRCUyMmxhenklMjIlMjByZWZlcnJlcnBvbGljeSUzRCUyMm5vLXJlZmVycmVyLXdoZW4tZG93bmdyYWRlJTIyJTNFJTNDJTJGaWZyYW1lJTNF&#187;][\/vc_column][\/vc_row][vc_row][vc_column][vc_separator color=&#187;black&#187; wd_hide_on_desktop=&#187;no&#187; wd_hide_on_tablet=&#187;no&#187; wd_hide_on_mobile=&#187;no&#187;][\/vc_column][\/vc_row][vc_row][vc_column width=&#187;1\/2&#8243;][vc_gmaps link=&#187;#E-8_JTNDaWZyYW1lJTIwc3JjJTNEJTIyaHR0cHMlM0ElMkYlMkZ3d3cuZ29vZ2xlLmNvbSUyRm1hcHMlMkZlbWJlZCUzRnBiJTNEJTIxMW0xOCUyMTFtMTIlMjExbTMlMjExZDIwMzAuODk0MTMzNTY0NzY0JTIxMmQyNy4yOTMxMTQzNjgxMDY2NCUyMTNkNTkuNDAxNDc4NzI1OTg2ODclMjEybTMlMjExZjAlMjEyZjAlMjEzZjAlMjEzbTIlMjExaTEwMjQlMjEyaTc2OCUyMTRmMTMuMSUyMTNtMyUyMTFtMiUyMTFzMHg0Njk0NzA4ODMxMTZhNjVkJTI1M0EweDZlYTQwOWZkNzE5OTQwMzMlMjEyc0olMjVDMyUyNUE0cnZlayUyNUMzJTI1QkNsYSUyNTIwdGVlJTI1MjA3OWElMjUyQyUyNTIwS29odGxhLUolMjVDMyUyNUE0cnZlJTI1MkMlMjUyMDMwMzIyJTI1MjBJZGEtVmlydSUyNTIwbWFha29uZCUyMTVlMCUyMTNtMiUyMTFzZXQlMjEyc2VlJTIxNHYxNzEwODQ0NTcwNTQ0JTIxNW0yJTIxMXNldCUyMTJzZWUlMjIlMjB3aWR0aCUzRCUyMjYwMCUyMiUyMGhlaWdodCUzRCUyMjQ1MCUyMiUyMHN0eWxlJTNEJTIyYm9yZGVyJTNBMCUzQiUyMiUyMGFsbG93ZnVsbHNjcmVlbiUzRCUyMiUyMiUyMGxvYWRpbmclM0QlMjJsYXp5JTIyJTIwcmVmZXJyZXJwb2xpY3klM0QlMjJuby1yZWZlcnJlci13aGVuLWRvd25ncmFkZSUyMiUzRSUzQyUyRmlmcmFtZSUzRQ==&#187;][\/vc_column][vc_column width=&#187;1\/2&#8243;]\t\t<div id=\"wd-65f975f95cb4c\" class=\"wd-text-block wd-wpb reset-last-child wd-rs-65f975f95cb4c text-left \">\n\t\t\t<p><strong>Kohtla-j\u00e4rve, J\u00e4rvek\u00fcla tee 79a<\/strong><\/p>\n\t\t<\/div>\n\t\t\t\t<div id=\"wd-65fc1727a815e\" class=\"wd-image wd-wpb wd-animation-slide-from-right wd-animation-normal wd-rs-65fc1727a815e text-center  photoswipe-images\">\n\t\t\t\t\t\t\t<a href=\"https:\/\/ida-toit.ee\/wp-content\/uploads\/2024\/03\/Jarvekula-tee-79a.jpg\"  data-width=\"800\" data-height=\"602\">\n\t\t\t\n\t\t\t<img loading=\"lazy\" decoding=\"async\" width=\"800\" height=\"602\" src=\"https:\/\/ida-toit.ee\/wp-content\/uploads\/2024\/03\/Jarvekula-tee-79a.jpg\" class=\"attachment-full size-full\" alt=\"\" srcset=\"https:\/\/ida-toit.ee\/wp-content\/uploads\/2024\/03\/Jarvekula-tee-79a.jpg 800w, https:\/\/ida-toit.ee\/wp-content\/uploads\/2024\/03\/Jarvekula-tee-79a-300x225.jpg 300w, https:\/\/ida-toit.ee\/wp-content\/uploads\/2024\/03\/Jarvekula-tee-79a-768x578.jpg 768w, https:\/\/ida-toit.ee\/wp-content\/uploads\/2024\/03\/Jarvekula-tee-79a-600x452.jpg 600w, https:\/\/ida-toit.ee\/wp-content\/uploads\/2024\/03\/Jarvekula-tee-79a-150x113.jpg 150w\" sizes=\"(max-width: 800px) 100vw, 800px\" \/>\n\t\t\t\t\t\t\t<\/a>\n\t\t\t\t\t<\/div>\n\t\t[\/vc_column][\/vc_row]<\/p>\n<\/div>","protected":false},"excerpt":{"rendered":"<p>[vc_row][vc_column width=&#187;1\/2&#8243;][\/vc_column][vc_column width=&#187;1\/2&#8243;][\/vc_column][\/vc_row][vc_row][vc_column][vc_separator color=&#187;black&#187; wd_hide_on_desktop=&#187;no&#187; wd_hide_on_tablet=&#187;no&#187; wd_hide_on_mobile=&#187;no&#187;][\/vc_column][\/vc_row][vc_row][vc_column width=&#187;1\/2&#8243;][vc_gmaps link=&#187;#E-8_JTNDaWZyYW1lJTIwc3JjJTNEJTIyaHR0cHMlM0ElMkYlMkZ3d3cuZ29vZ2xlLmNvbSUyRm1hcHMlMkZlbWJlZCUzRnBiJTNEJTIxMW0xNCUyMTFtMTIlMjExbTMlMjExZDkyNC45ODU0OTEzODU4ODg1JTIxMmQyNy40MDYwOTk3NDI2MzE4MiUyMTNkNTkuMzYwMzE2OTEzODU2NTY1JTIxMm0zJTIxMWYwJTIxMmYwJTIxM2YwJTIxM20yJTIxMWkxMDI0JTIxMmk3NjglMjE0ZjEzLjElMjE1ZTAlMjEzbTIlMjExc2V0JTIxMnNlZSUyMTR2MTcxMDg0NDMxNzUyOCUyMTVtMiUyMTFzZXQlMjEyc2VlJTIyJTIwd2lkdGglM0QlMjI2MDAlMjIlMjBoZWlnaHQlM0QlMjI0NTAlMjIlMjBzdHlsZSUzRCUyMmJvcmRlciUzQTAlM0IlMjIlMjBhbGxvd2Z1bGxzY3JlZW4lM0QlMjIlMjIlMjBsb2FkaW5nJTNEJTIybGF6eSUyMiUyMHJlZmVycmVycG9saWN5JTNEJTIybm8tcmVmZXJyZXItd2hlbi1kb3duZ3JhZGUlMjIlM0UlM0MlMkZpZnJhbWUlM0U=&#187;][\/vc_column][vc_column width=&#187;1\/2&#8243;][\/vc_column][\/vc_row][vc_row][vc_column][vc_separator color=&#187;black&#187; wd_hide_on_desktop=&#187;no&#187; wd_hide_on_tablet=&#187;no&#187; wd_hide_on_mobile=&#187;no&#187;][\/vc_column][\/vc_row][vc_row][vc_column width=&#187;1\/2&#8243;][\/vc_column][vc_column width=&#187;1\/2&#8243;][vc_gmaps link=&#187;#E-8_JTNDaWZyYW1lJTIwc3JjJTNEJTIyaHR0cHMlM0ElMkYlMkZ3d3cuZ29vZ2xlLmNvbSUyRm1hcHMlMkZlbWJlZCUzRnBiJTNEJTIxMW0xOCUyMTFtMTIlMjExbTMlMjExZDIwMzIuMTk2ODAwNTY2OTIxJTIxMmQyOC4xODQ3MjIwMTMyNjU0ODIlMjEzZDU5LjM3OTc0MzEwNjg3ODEyNCUyMTJtMyUyMTFmMCUyMTJmMCUyMTNmMCUyMTNtMiUyMTFpMTAyNCUyMTJpNzY4JTIxNGYxMy4xJTIxM20zJTIxMW0yJTIxMXMweDQ2OTQ0ODIwNmU3M2NmYTclMjUzQTB4YzNlOWE4NDM4ZWIyNDhlYiUyMTJzRmFtYSUyNTIwS2Vza3VzJTIxNWUwJTIxM20yJTIxMXNldCUyMTJzZWUlMjE0djE3MTA4NDQ0NzM1MDklMjE1bTIlMjExc2V0JTIxMnNlZSUyMiUyMHdpZHRoJTNEJTIyNjAwJTIyJTIwaGVpZ2h0JTNEJTIyNDUwJTIyJTIwc3R5bGUlM0QlMjJib3JkZXIlM0EwJTNCJTIyJTIwYWxsb3dmdWxsc2NyZWVuJTNEJTIyJTIyJTIwbG9hZGluZyUzRCUyMmxhenklMjIlMjByZWZlcnJlcnBvbGljeSUzRCUyMm5vLXJlZmVycmVyLXdoZW4tZG93bmdyYWRlJTIyJTNFJTNDJTJGaWZyYW1lJTNF&#187;][\/vc_column][\/vc_row][vc_row][vc_column][vc_separator color=&#187;black&#187; wd_hide_on_desktop=&#187;no&#187; wd_hide_on_tablet=&#187;no&#187;<\/p>\n","protected":false},"author":1,"featured_media":0,"parent":0,"menu_order":5,"comment_status":"closed","ping_status":"closed","template":"","meta":{"footnotes":""},"yoast_head":"<!-- This site is optimized with the Yoast SEO plugin v22.4 - https:\/\/yoast.com\/wordpress\/plugins\/seo\/ -->\n<title>\u041a\u043e\u043d\u0442\u0430\u043a\u0442\u044b | Ida-Toit<\/title>\n<meta name=\"robots\" content=\"index, follow, max-snippet:-1, max-image-preview:large, max-video-preview:-1\" \/>\n<link rel=\"canonical\" href=\"https:\/\/ida-toit.ee\/kontakt\/\" \/>\n<meta property=\"og:locale\" content=\"ru_RU\" \/>\n<meta property=\"og:type\" content=\"article\" \/>\n<meta property=\"og:title\" content=\"[:et]Kontakt[:ru]\u041a\u043e\u043d\u0442\u0430\u043a\u0442\u044b[:] | Ida-Toit\" \/>\n<meta property=\"og:description\" content=\"[vc_row][vc_column width=&#187;1\/2&#8243;][\/vc_column][vc_column width=&#187;1\/2&#8243;][\/vc_column][\/vc_row][vc_row][vc_column][vc_separator color=&#187;black&#187; wd_hide_on_desktop=&#187;no&#187; wd_hide_on_tablet=&#187;no&#187; wd_hide_on_mobile=&#187;no&#187;][\/vc_column][\/vc_row][vc_row][vc_column width=&#187;1\/2&#8243;][vc_gmaps link=&#187;#E-8_JTNDaWZyYW1lJTIwc3JjJTNEJTIyaHR0cHMlM0ElMkYlMkZ3d3cuZ29vZ2xlLmNvbSUyRm1hcHMlMkZlbWJlZCUzRnBiJTNEJTIxMW0xNCUyMTFtMTIlMjExbTMlMjExZDkyNC45ODU0OTEzODU4ODg1JTIxMmQyNy40MDYwOTk3NDI2MzE4MiUyMTNkNTkuMzYwMzE2OTEzODU2NTY1JTIxMm0zJTIxMWYwJTIxMmYwJTIxM2YwJTIxM20yJTIxMWkxMDI0JTIxMmk3NjglMjE0ZjEzLjElMjE1ZTAlMjEzbTIlMjExc2V0JTIxMnNlZSUyMTR2MTcxMDg0NDMxNzUyOCUyMTVtMiUyMTFzZXQlMjEyc2VlJTIyJTIwd2lkdGglM0QlMjI2MDAlMjIlMjBoZWlnaHQlM0QlMjI0NTAlMjIlMjBzdHlsZSUzRCUyMmJvcmRlciUzQTAlM0IlMjIlMjBhbGxvd2Z1bGxzY3JlZW4lM0QlMjIlMjIlMjBsb2FkaW5nJTNEJTIybGF6eSUyMiUyMHJlZmVycmVycG9saWN5JTNEJTIybm8tcmVmZXJyZXItd2hlbi1kb3duZ3JhZGUlMjIlM0UlM0MlMkZpZnJhbWUlM0U=&#187;][\/vc_column][vc_column width=&#187;1\/2&#8243;][\/vc_column][\/vc_row][vc_row][vc_column][vc_separator color=&#187;black&#187; wd_hide_on_desktop=&#187;no&#187; wd_hide_on_tablet=&#187;no&#187; wd_hide_on_mobile=&#187;no&#187;][\/vc_column][\/vc_row][vc_row][vc_column width=&#187;1\/2&#8243;][\/vc_column][vc_column width=&#187;1\/2&#8243;][vc_gmaps link=&#187;#E-8_JTNDaWZyYW1lJTIwc3JjJTNEJTIyaHR0cHMlM0ElMkYlMkZ3d3cuZ29vZ2xlLmNvbSUyRm1hcHMlMkZlbWJlZCUzRnBiJTNEJTIxMW0xOCUyMTFtMTIlMjExbTMlMjExZDIwMzIuMTk2ODAwNTY2OTIxJTIxMmQyOC4xODQ3MjIwMTMyNjU0ODIlMjEzZDU5LjM3OTc0MzEwNjg3ODEyNCUyMTJtMyUyMTFmMCUyMTJmMCUyMTNmMCUyMTNtMiUyMTFpMTAyNCUyMTJpNzY4JTIxNGYxMy4xJTIxM20zJTIxMW0yJTIxMXMweDQ2OTQ0ODIwNmU3M2NmYTclMjUzQTB4YzNlOWE4NDM4ZWIyNDhlYiUyMTJzRmFtYSUyNTIwS2Vza3VzJTIxNWUwJTIxM20yJTIxMXNldCUyMTJzZWUlMjE0djE3MTA4NDQ0NzM1MDklMjE1bTIlMjExc2V0JTIxMnNlZSUyMiUyMHdpZHRoJTNEJTIyNjAwJTIyJTIwaGVpZ2h0JTNEJTIyNDUwJTIyJTIwc3R5bGUlM0QlMjJib3JkZXIlM0EwJTNCJTIyJTIwYWxsb3dmdWxsc2NyZWVuJTNEJTIyJTIyJTIwbG9hZGluZyUzRCUyMmxhenklMjIlMjByZWZlcnJlcnBvbGljeSUzRCUyMm5vLXJlZmVycmVyLXdoZW4tZG93bmdyYWRlJTIyJTNFJTNDJTJGaWZyYW1lJTNF&#187;][\/vc_column][\/vc_row][vc_row][vc_column][vc_separator color=&#187;black&#187; wd_hide_on_desktop=&#187;no&#187; wd_hide_on_tablet=&#187;no&#187;\" \/>\n<meta property=\"og:url\" content=\"https:\/\/ida-toit.ee\/kontakt\/\" \/>\n<meta property=\"og:site_name\" content=\"Ida-Toit\" \/>\n<meta property=\"article:publisher\" content=\"https:\/\/www.facebook.com\/breaktimekohvik\/\" \/>\n<meta property=\"article:modified_time\" content=\"2024-03-21T11:17:03+00:00\" \/>\n<meta property=\"og:image\" content=\"https:\/\/ida-toit.ee\/wp-content\/uploads\/2024\/03\/logo-ida-toit-300x180.png\" \/>\n<meta name=\"twitter:card\" content=\"summary_large_image\" \/>\n<script type=\"application\/ld+json\" class=\"yoast-schema-graph\">{\"@context\":\"https:\/\/schema.org\",\"@graph\":[{\"@type\":\"WebPage\",\"@id\":\"https:\/\/ida-toit.ee\/kontakt\/\",\"url\":\"https:\/\/ida-toit.ee\/kontakt\/\",\"name\":\"[:et]Kontakt[:ru]\u041a\u043e\u043d\u0442\u0430\u043a\u0442\u044b[:] | Ida-Toit\",\"isPartOf\":{\"@id\":\"https:\/\/ida-toit.ee\/#website\"},\"primaryImageOfPage\":{\"@id\":\"https:\/\/ida-toit.ee\/kontakt\/#primaryimage\"},\"image\":{\"@id\":\"https:\/\/ida-toit.ee\/kontakt\/#primaryimage\"},\"thumbnailUrl\":\"https:\/\/ida-toit.ee\/wp-content\/uploads\/2024\/03\/logo-ida-toit-300x180.png\",\"datePublished\":\"2020-05-17T16:12:29+00:00\",\"dateModified\":\"2024-03-21T11:17:03+00:00\",\"breadcrumb\":{\"@id\":\"https:\/\/ida-toit.ee\/kontakt\/#breadcrumb\"},\"inLanguage\":\"ru-RU\",\"potentialAction\":[{\"@type\":\"ReadAction\",\"target\":[\"https:\/\/ida-toit.ee\/kontakt\/\"]}]},{\"@type\":\"ImageObject\",\"inLanguage\":\"ru-RU\",\"@id\":\"https:\/\/ida-toit.ee\/kontakt\/#primaryimage\",\"url\":\"https:\/\/ida-toit.ee\/wp-content\/uploads\/2024\/03\/logo-ida-toit-300x180.png\",\"contentUrl\":\"https:\/\/ida-toit.ee\/wp-content\/uploads\/2024\/03\/logo-ida-toit-300x180.png\"},{\"@type\":\"BreadcrumbList\",\"@id\":\"https:\/\/ida-toit.ee\/kontakt\/#breadcrumb\",\"itemListElement\":[{\"@type\":\"ListItem\",\"position\":1,\"name\":\"\u041c\u0430\u0433\u0430\u0437\u0438\u043d\",\"item\":\"https:\/\/ida-toit.ee\/\"},{\"@type\":\"ListItem\",\"position\":2,\"name\":\"Kontakt\"}]},{\"@type\":\"WebSite\",\"@id\":\"https:\/\/ida-toit.ee\/#website\",\"url\":\"https:\/\/ida-toit.ee\/\",\"name\":\"Ida-Toit\",\"description\":\"BreakTime \u041a\u0430\u0444\u0435. J\u00f5hvi, Rakvere 9\",\"publisher\":{\"@id\":\"https:\/\/ida-toit.ee\/#organization\"},\"alternateName\":\"BreakTime coffee\",\"potentialAction\":[{\"@type\":\"SearchAction\",\"target\":{\"@type\":\"EntryPoint\",\"urlTemplate\":\"https:\/\/ida-toit.ee\/?s={search_term_string}\"},\"query-input\":\"required name=search_term_string\"}],\"inLanguage\":\"ru-RU\"},{\"@type\":\"Organization\",\"@id\":\"https:\/\/ida-toit.ee\/#organization\",\"name\":\"ProGlance O\u00dc\",\"alternateName\":\"Ida-Toit\",\"url\":\"https:\/\/ida-toit.ee\/\",\"logo\":{\"@type\":\"ImageObject\",\"inLanguage\":\"ru-RU\",\"@id\":\"https:\/\/ida-toit.ee\/#\/schema\/logo\/image\/\",\"url\":\"https:\/\/ida-toit.ee\/wp-content\/uploads\/2024\/03\/logo-ida-toit.png\",\"contentUrl\":\"https:\/\/ida-toit.ee\/wp-content\/uploads\/2024\/03\/logo-ida-toit.png\",\"width\":500,\"height\":300,\"caption\":\"ProGlance O\u00dc\"},\"image\":{\"@id\":\"https:\/\/ida-toit.ee\/#\/schema\/logo\/image\/\"},\"sameAs\":[\"https:\/\/www.facebook.com\/breaktimekohvik\/\"]}]}<\/script>\n<!-- \/ Yoast SEO plugin. -->","yoast_head_json":{"title":"[:et]Kontakt[:ru]\u041a\u043e\u043d\u0442\u0430\u043a\u0442\u044b[:] | Ida-Toit","robots":{"index":"index","follow":"follow","max-snippet":"max-snippet:-1","max-image-preview":"max-image-preview:large","max-video-preview":"max-video-preview:-1"},"canonical":"https:\/\/ida-toit.ee\/kontakt\/","og_locale":"ru_RU","og_type":"article","og_title":"[:et]Kontakt[:ru]\u041a\u043e\u043d\u0442\u0430\u043a\u0442\u044b[:] | Ida-Toit","og_description":"[vc_row][vc_column width=&#187;1\/2&#8243;][\/vc_column][vc_column width=&#187;1\/2&#8243;][\/vc_column][\/vc_row][vc_row][vc_column][vc_separator color=&#187;black&#187; wd_hide_on_desktop=&#187;no&#187; wd_hide_on_tablet=&#187;no&#187; wd_hide_on_mobile=&#187;no&#187;][\/vc_column][\/vc_row][vc_row][vc_column width=&#187;1\/2&#8243;][vc_gmaps link=&#187;#E-8_JTNDaWZyYW1lJTIwc3JjJTNEJTIyaHR0cHMlM0ElMkYlMkZ3d3cuZ29vZ2xlLmNvbSUyRm1hcHMlMkZlbWJlZCUzRnBiJTNEJTIxMW0xNCUyMTFtMTIlMjExbTMlMjExZDkyNC45ODU0OTEzODU4ODg1JTIxMmQyNy40MDYwOTk3NDI2MzE4MiUyMTNkNTkuMzYwMzE2OTEzODU2NTY1JTIxMm0zJTIxMWYwJTIxMmYwJTIxM2YwJTIxM20yJTIxMWkxMDI0JTIxMmk3NjglMjE0ZjEzLjElMjE1ZTAlMjEzbTIlMjExc2V0JTIxMnNlZSUyMTR2MTcxMDg0NDMxNzUyOCUyMTVtMiUyMTFzZXQlMjEyc2VlJTIyJTIwd2lkdGglM0QlMjI2MDAlMjIlMjBoZWlnaHQlM0QlMjI0NTAlMjIlMjBzdHlsZSUzRCUyMmJvcmRlciUzQTAlM0IlMjIlMjBhbGxvd2Z1bGxzY3JlZW4lM0QlMjIlMjIlMjBsb2FkaW5nJTNEJTIybGF6eSUyMiUyMHJlZmVycmVycG9saWN5JTNEJTIybm8tcmVmZXJyZXItd2hlbi1kb3duZ3JhZGUlMjIlM0UlM0MlMkZpZnJhbWUlM0U=&#187;][\/vc_column][vc_column width=&#187;1\/2&#8243;][\/vc_column][\/vc_row][vc_row][vc_column][vc_separator color=&#187;black&#187; wd_hide_on_desktop=&#187;no&#187; wd_hide_on_tablet=&#187;no&#187; wd_hide_on_mobile=&#187;no&#187;][\/vc_column][\/vc_row][vc_row][vc_column width=&#187;1\/2&#8243;][\/vc_column][vc_column width=&#187;1\/2&#8243;][vc_gmaps link=&#187;#E-8_JTNDaWZyYW1lJTIwc3JjJTNEJTIyaHR0cHMlM0ElMkYlMkZ3d3cuZ29vZ2xlLmNvbSUyRm1hcHMlMkZlbWJlZCUzRnBiJTNEJTIxMW0xOCUyMTFtMTIlMjExbTMlMjExZDIwMzIuMTk2ODAwNTY2OTIxJTIxMmQyOC4xODQ3MjIwMTMyNjU0ODIlMjEzZDU5LjM3OTc0MzEwNjg3ODEyNCUyMTJtMyUyMTFmMCUyMTJmMCUyMTNmMCUyMTNtMiUyMTFpMTAyNCUyMTJpNzY4JTIxNGYxMy4xJTIxM20zJTIxMW0yJTIxMXMweDQ2OTQ0ODIwNmU3M2NmYTclMjUzQTB4YzNlOWE4NDM4ZWIyNDhlYiUyMTJzRmFtYSUyNTIwS2Vza3VzJTIxNWUwJTIxM20yJTIxMXNldCUyMTJzZWUlMjE0djE3MTA4NDQ0NzM1MDklMjE1bTIlMjExc2V0JTIxMnNlZSUyMiUyMHdpZHRoJTNEJTIyNjAwJTIyJTIwaGVpZ2h0JTNEJTIyNDUwJTIyJTIwc3R5bGUlM0QlMjJib3JkZXIlM0EwJTNCJTIyJTIwYWxsb3dmdWxsc2NyZWVuJTNEJTIyJTIyJTIwbG9hZGluZyUzRCUyMmxhenklMjIlMjByZWZlcnJlcnBvbGljeSUzRCUyMm5vLXJlZmVycmVyLXdoZW4tZG93bmdyYWRlJTIyJTNFJTNDJTJGaWZyYW1lJTNF&#187;][\/vc_column][\/vc_row][vc_row][vc_column][vc_separator color=&#187;black&#187; wd_hide_on_desktop=&#187;no&#187; wd_hide_on_tablet=&#187;no&#187;","og_url":"https:\/\/ida-toit.ee\/kontakt\/","og_site_name":"Ida-Toit","article_publisher":"https:\/\/www.facebook.com\/breaktimekohvik\/","article_modified_time":"2024-03-21T11:17:03+00:00","og_image":[{"url":"https:\/\/ida-toit.ee\/wp-content\/uploads\/2024\/03\/logo-ida-toit-300x180.png"}],"twitter_card":"summary_large_image","schema":{"@context":"https:\/\/schema.org","@graph":[{"@type":"WebPage","@id":"https:\/\/ida-toit.ee\/kontakt\/","url":"https:\/\/ida-toit.ee\/kontakt\/","name":"[:et]Kontakt[:ru]\u041a\u043e\u043d\u0442\u0430\u043a\u0442\u044b[:] | Ida-Toit","isPartOf":{"@id":"https:\/\/ida-toit.ee\/#website"},"primaryImageOfPage":{"@id":"https:\/\/ida-toit.ee\/kontakt\/#primaryimage"},"image":{"@id":"https:\/\/ida-toit.ee\/kontakt\/#primaryimage"},"thumbnailUrl":"https:\/\/ida-toit.ee\/wp-content\/uploads\/2024\/03\/logo-ida-toit-300x180.png","datePublished":"2020-05-17T16:12:29+00:00","dateModified":"2024-03-21T11:17:03+00:00","breadcrumb":{"@id":"https:\/\/ida-toit.ee\/kontakt\/#breadcrumb"},"inLanguage":"ru-RU","potentialAction":[{"@type":"ReadAction","target":["https:\/\/ida-toit.ee\/kontakt\/"]}]},{"@type":"ImageObject","inLanguage":"ru-RU","@id":"https:\/\/ida-toit.ee\/kontakt\/#primaryimage","url":"https:\/\/ida-toit.ee\/wp-content\/uploads\/2024\/03\/logo-ida-toit-300x180.png","contentUrl":"https:\/\/ida-toit.ee\/wp-content\/uploads\/2024\/03\/logo-ida-toit-300x180.png"},{"@type":"BreadcrumbList","@id":"https:\/\/ida-toit.ee\/kontakt\/#breadcrumb","itemListElement":[{"@type":"ListItem","position":1,"name":"\u041c\u0430\u0433\u0430\u0437\u0438\u043d","item":"https:\/\/ida-toit.ee\/"},{"@type":"ListItem","position":2,"name":"Kontakt"}]},{"@type":"WebSite","@id":"https:\/\/ida-toit.ee\/#website","url":"https:\/\/ida-toit.ee\/","name":"Ida-Toit","description":"BreakTime \u041a\u0430\u0444\u0435. J\u00f5hvi, Rakvere 9","publisher":{"@id":"https:\/\/ida-toit.ee\/#organization"},"alternateName":"BreakTime coffee","potentialAction":[{"@type":"SearchAction","target":{"@type":"EntryPoint","urlTemplate":"https:\/\/ida-toit.ee\/?s={search_term_string}"},"query-input":"required name=search_term_string"}],"inLanguage":"ru-RU"},{"@type":"Organization","@id":"https:\/\/ida-toit.ee\/#organization","name":"ProGlance O\u00dc","alternateName":"Ida-Toit","url":"https:\/\/ida-toit.ee\/","logo":{"@type":"ImageObject","inLanguage":"ru-RU","@id":"https:\/\/ida-toit.ee\/#\/schema\/logo\/image\/","url":"https:\/\/ida-toit.ee\/wp-content\/uploads\/2024\/03\/logo-ida-toit.png","contentUrl":"https:\/\/ida-toit.ee\/wp-content\/uploads\/2024\/03\/logo-ida-toit.png","width":500,"height":300,"caption":"ProGlance O\u00dc"},"image":{"@id":"https:\/\/ida-toit.ee\/#\/schema\/logo\/image\/"},"sameAs":["https:\/\/www.facebook.com\/breaktimekohvik\/"]}]}},"jetpack_sharing_enabled":true,"_links":{"self":[{"href":"https:\/\/ida-toit.ee\/ru\/wp-json\/wp\/v2\/pages\/285"}],"collection":[{"href":"https:\/\/ida-toit.ee\/ru\/wp-json\/wp\/v2\/pages"}],"about":[{"href":"https:\/\/ida-toit.ee\/ru\/wp-json\/wp\/v2\/types\/page"}],"author":[{"embeddable":true,"href":"https:\/\/ida-toit.ee\/ru\/wp-json\/wp\/v2\/users\/1"}],"replies":[{"embeddable":true,"href":"https:\/\/ida-toit.ee\/ru\/wp-json\/wp\/v2\/comments?post=285"}],"version-history":[{"count":15,"href":"https:\/\/ida-toit.ee\/ru\/wp-json\/wp\/v2\/pages\/285\/revisions"}],"predecessor-version":[{"id":2186,"href":"https:\/\/ida-toit.ee\/ru\/wp-json\/wp\/v2\/pages\/285\/revisions\/2186"}],"wp:attachment":[{"href":"https:\/\/ida-toit.ee\/ru\/wp-json\/wp\/v2\/media?parent=285"}],"curies":[{"name":"wp","href":"https:\/\/api.w.org\/{rel}","templated":true}]}}